{"id":1203,"date":"2022-06-13T13:03:39","date_gmt":"2022-06-13T11:03:39","guid":{"rendered":"https:\/\/michiokurata.com\/?page_id=1203"},"modified":"2025-07-19T14:51:33","modified_gmt":"2025-07-19T12:51:33","slug":"about","status":"publish","type":"page","link":"https:\/\/michiokurata.com\/?page_id=1203","title":{"rendered":"A propos"},"content":{"rendered":"\n<p>Quoi ? Qui ? Pourquoi ?<\/p>\n\n\n<div class=\"wp-block-image is-resized\">\n<figure class=\"aligncenter size-large\"><img loading=\"lazy\" decoding=\"async\" width=\"1024\" height=\"777\" src=\"https:\/\/michiokurata.com\/wp-content\/uploads\/2022\/06\/BE487D7A-3AFF-4E4B-BCF2-C0E1FF5FBB0A-1024x777.jpeg\" alt=\"\" class=\"wp-image-1272\" srcset=\"https:\/\/michiokurata.com\/wp-content\/uploads\/2022\/06\/BE487D7A-3AFF-4E4B-BCF2-C0E1FF5FBB0A-1024x777.jpeg 1024w, https:\/\/michiokurata.com\/wp-content\/uploads\/2022\/06\/BE487D7A-3AFF-4E4B-BCF2-C0E1FF5FBB0A-300x228.jpeg 300w, https:\/\/michiokurata.com\/wp-content\/uploads\/2022\/06\/BE487D7A-3AFF-4E4B-BCF2-C0E1FF5FBB0A-768x583.jpeg 768w, https:\/\/michiokurata.com\/wp-content\/uploads\/2022\/06\/BE487D7A-3AFF-4E4B-BCF2-C0E1FF5FBB0A.jpeg 1078w\" sizes=\"auto, (max-width: 706px) 89vw, (max-width: 767px) 82vw, 740px\" \/><figcaption class=\"wp-element-caption\">M\u00e9niscectomie partielle en f\u00e9vrier 2022&#8230; et voil\u00e0&#8230; &gt;&gt;<br>Comme le site, ou le bonhomme, en reconstruction !<\/figcaption><\/figure>\n<\/div>\n\n\n<p>Qui suis-je ?<br>&#8211; cinquantaine pass\u00e9e en quarantaine, <br>&#8211; comp\u00e9titeur sportif dans l&rsquo;\u00e2me, <br>&#8211; motard apais\u00e9 qui prend plus de plaisir \u00e0 frotter les cale-pieds qu&rsquo;\u00e0 rouler \u00e0 200 (tiens, d&rsquo;ailleurs j&rsquo;ai jamais fait en moto !), <br>&#8211; mari\u00e9 \u00e0 ma formidable amoureuse depuis 27 ans, <br>&#8211; papa tr\u00e8s fier de ses deux enfants ch\u00e9ris,<br><br>C&rsquo;est quoi ce site ?<br>Je profite du hack de notre petit site familial (par une vedette sans doute qui a craqu\u00e9 un mot de passe -que je n&rsquo;avais pas choisi, merci Free, j&rsquo;ai pas tout compris-), et surtout d&rsquo;un gros burnout (il parait qu&rsquo;il faut prendre du recul, se d\u00e9connecter, donc, fort logiquement, je vais reconnecter notre site) pour le refaire tout beau tout propre (enfin, selon mes crit\u00e8res personnels parfaitement neutres et objectifs). <\/p>\n\n\n\n<p>Il y aura des exploits sportifs, des exploits motards, des exploits de tous les jours, &#8230; bref, un contenu hyper original juste l\u00e0 pour satisfaire mon \u00e9go personnel \u00e0 moi que j&rsquo;ai.<br>Et je me soigne !<\/p>\n\n\n\n<p>Oui, tout ce qui est ici est fait par mes petites mains, et mon cerveau embrum\u00e9 (les antid\u00e9presseurs et les anxiolytiques, \u00e7a fatigue).<\/p>\n\n\n\n<p><\/p>\n\n\n\n<p>Ah, et comme c&rsquo;est obligatoire, <strong>la politique de confidentialit\u00e9<\/strong> : <\/p>\n\n\n\n<h2 class=\"wp-block-heading\">Personnes visitant le site<\/h2>\n\n\n\n<p>Comme WordPress recueille des informations non nominatives du type de celles que les navigateurs et les serveurs rendent g\u00e9n\u00e9ralement disponibles, comme le type de navigateur, la langue de pr\u00e9f\u00e9rence, le site de r\u00e9f\u00e9rence, ainsi que la date et l\u2019heure de chaque demande des personnes visitant le site, forc\u00e9ment, ce site tournant sous WordPress aussi. Donc je ne m&rsquo;en sers pas. Vous voil\u00e0 rassur\u00e9s !<\/p>\n\n\n\n<h2 class=\"wp-block-heading\">Collecte d\u2019informations d\u2019identification personnelle<\/h2>\n\n\n\n<p>Aucune collecte de telles informations ! Beurk !<\/p>\n\n\n\n<h2 class=\"wp-block-heading\">Protection des informations susceptibles d\u2019identifier les individus<\/h2>\n\n\n\n<p>michiokurata.com ne divulgue aucune information personnelle potentiellement identifiante et personnellement identifiable. Si je n&rsquo;en collecte pas, je ne peux pas les divulguer&#8230; Donc je ne peux ni les louer ni les vendre \u00e0 qui que ce soit (pourtant, \u00e7a rapporterait du pognon&#8230;)<\/p>\n\n\n\n<h2 class=\"wp-block-heading\">Utilisation de donn\u00e9es personnelles<\/h2>\n\n\n\n<p>J&rsquo;utilise les informations que vous me fournissez, mais comme je ne vous demande rien, vous ne me fournissez rien.<\/p>\n\n\n\n<h2 class=\"wp-block-heading\">Acc\u00e9der aux donn\u00e9e<\/h2>\n\n\n\n<p>Vous avez le droit de demander une copie des renseignements que je d\u00e9tiens \u00e0 votre sujet. Mais je serai bien emmer&#8230;. parce que je n&rsquo;aurais rien \u00e0 vous donner puisque je ne vous en demande pas.<\/p>\n\n\n\n<h2 class=\"wp-block-heading\">Conservation des donn\u00e9es personnelles<\/h2>\n\n\n\n<p>Comme vous ne m&rsquo;en fournissez pas, je n&rsquo;en ai pas, donc je ne peux pas les conserver.<\/p>\n\n\n\n<h2 class=\"wp-block-heading\">Droits en lien avec vos informations<\/h2>\n\n\n\n<p>Vous pouvez avoir certains droits en vertu de la loi sur la protection des donn\u00e9es concernant les renseignements personnels que nous d\u00e9tenons \u00e0 votre sujet. En particulier, vous pouvez avoir le droit de&nbsp;demander une copie des donn\u00e9es personnelles que je ne d\u00e9tiens pas, de me demander de mettre \u00e0 jour les renseignements personnels que je ne d\u00e9tiens pas sur vous, ou de corriger de fa\u00e7on ind\u00e9pendante ces renseignements personnels que je n&rsquo;ai pas et qui, selon vous, sont incorrects ou incomplets, de demander que je supprime les renseignements personnels que je ne d\u00e9tiens toujours pas ou encore que je limite la fa\u00e7on dont j&rsquo;utilise ces renseignements personnels.<br>Vous pouvez aussi vous opposer au traitement de vos informations personnelles&nbsp;et\/ou retirer votre consentement au traitement de vos renseignements personnels, mais \u00e7a ne changera pas grand-chose vu que je n&rsquo;ai rien.<\/p>\n\n\n\n<h2 class=\"wp-block-heading\">Liens de tierce partie<\/h2>\n\n\n\n<p>Mon site peut contenir des liens vers d\u2019autres sites fournis par des tierces parties qui ne sont pas sous mon contr\u00f4le. Lorsque vous suivez un lien et que vous fournissez des informations \u00e0 un site tiers, je ne suis pas responsables des donn\u00e9es fournies \u00e0 Google, Facebook, Apple, Microsoft, la Cor\u00e9e du Nord ou la Russie, ni \u00e0 ces sites. <\/p>\n\n\n\n<h2 class=\"wp-block-heading\">Statistiques agr\u00e9g\u00e9es<\/h2>\n\n\n\n<p>C&rsquo;est beau. Et en plus, c&rsquo;est vachement d&rsquo;\u00eatre agr\u00e9g\u00e9 aujourd&rsquo;hui !<br>Bref, je ne sais m\u00eame pas ce que c&rsquo;est, mais je dois vous dire que je ne les utilise pas.<\/p>\n\n\n\n<h2 class=\"wp-block-heading\">Cookies<\/h2>\n\n\n\n<p>A part ceux aux noix de macadamia, les informations sur la fa\u00e7on dont vous utilisez le site sont collect\u00e9es automatiquement en utilisant les \u00ab&nbsp;cookies&nbsp;\u00bb. Les cookies sont des fichiers texte plac\u00e9s sur votre ordinateur pour collecter les informations internet standards et des informations sur le comportement des personnes visitant le site. Ces informations servent \u00e0 suivre l\u2019utilisation du site par les visiteurs et \u00e0 compiler des rapports statistiques sur l\u2019activit\u00e9 du site. Oui, je sais combien de personnes viennent (heureusement que ce n&rsquo;est pas ma motivation, parce qu&rsquo;il n&rsquo;y a pas grand monde ^^). Mais je ne sais pas qui. Mais je sais quand. Mais toujours pas qui !<\/p>\n\n\n\n<p>WordPress \u00e0 un article intitul\u00e9 &nbsp;\u00ab\u00a0<a href=\"https:\/\/fr.wordpress.org\/about\/privacy\/cookies\/\">notre politique de cookie<\/a>\u00a0\u00bb&nbsp;tr\u00e8s bien fait si vous voulez en savoir plus.<\/p>\n\n\n\n<h2 class=\"wp-block-heading\">Modifications de la politique de confidentialit\u00e9<\/h2>\n\n\n\n<p>Elle ne changera pas :  comme indiqu\u00e9 plus haut, c&rsquo;est un petit site perso sans pr\u00e9tention autre que de d\u00e9voiler quelques aspects de ma vie, et plus pr\u00e9cis\u00e9ment sur ma bataille contre cette salet\u00e9 de burnout \u00e0 travers la moto, le sport, la bonne bouffe, &#8230; et les amis et la famille qui vont avec le plus souvent !<\/p>\n\n\n\n<div class=\"wp-block-buttons is-layout-flex wp-block-buttons-is-layout-flex\">\n<div class=\"wp-block-button\"><a class=\"wp-block-button__link wp-element-button\" href=\"mailto:michio@michiokurata.com\">Contact : michio@michiokurata.com<\/a><\/div>\n<\/div>\n\n\n\n<ul class=\"wp-block-social-links is-layout-flex wp-block-social-links-is-layout-flex\"><li class=\"wp-social-link wp-social-link-facebook  wp-block-social-link\"><a href=\"https:\/\/www.facebook.com\/michio.kurata.5\/\" class=\"wp-block-social-link-anchor\"><svg width=\"24\" height=\"24\" viewBox=\"0 0 24 24\" version=\"1.1\" xmlns=\"http:\/\/www.w3.org\/2000\/svg\" aria-hidden=\"true\" focusable=\"false\"><path d=\"M12 2C6.5 2 2 6.5 2 12c0 5 3.7 9.1 8.4 9.9v-7H7.9V12h2.5V9.8c0-2.5 1.5-3.9 3.8-3.9 1.1 0 2.2.2 2.2.2v2.5h-1.3c-1.2 0-1.6.8-1.6 1.6V12h2.8l-.4 2.9h-2.3v7C18.3 21.1 22 17 22 12c0-5.5-4.5-10-10-10z\"><\/path><\/svg><span class=\"wp-block-social-link-label screen-reader-text\">Facebook<\/span><\/a><\/li>\n\n<li class=\"wp-social-link wp-social-link-instagram  wp-block-social-link\"><a href=\"https:\/\/www.instagram.com\/michio_kurata\/\" class=\"wp-block-social-link-anchor\"><svg width=\"24\" height=\"24\" viewBox=\"0 0 24 24\" version=\"1.1\" xmlns=\"http:\/\/www.w3.org\/2000\/svg\" aria-hidden=\"true\" focusable=\"false\"><path d=\"M12,4.622c2.403,0,2.688,0.009,3.637,0.052c0.877,0.04,1.354,0.187,1.671,0.31c0.42,0.163,0.72,0.358,1.035,0.673 c0.315,0.315,0.51,0.615,0.673,1.035c0.123,0.317,0.27,0.794,0.31,1.671c0.043,0.949,0.052,1.234,0.052,3.637 s-0.009,2.688-0.052,3.637c-0.04,0.877-0.187,1.354-0.31,1.671c-0.163,0.42-0.358,0.72-0.673,1.035 c-0.315,0.315-0.615,0.51-1.035,0.673c-0.317,0.123-0.794,0.27-1.671,0.31c-0.949,0.043-1.233,0.052-3.637,0.052 s-2.688-0.009-3.637-0.052c-0.877-0.04-1.354-0.187-1.671-0.31c-0.42-0.163-0.72-0.358-1.035-0.673 c-0.315-0.315-0.51-0.615-0.673-1.035c-0.123-0.317-0.27-0.794-0.31-1.671C4.631,14.688,4.622,14.403,4.622,12 s0.009-2.688,0.052-3.637c0.04-0.877,0.187-1.354,0.31-1.671c0.163-0.42,0.358-0.72,0.673-1.035 c0.315-0.315,0.615-0.51,1.035-0.673c0.317-0.123,0.794-0.27,1.671-0.31C9.312,4.631,9.597,4.622,12,4.622 M12,3 C9.556,3,9.249,3.01,8.289,3.054C7.331,3.098,6.677,3.25,6.105,3.472C5.513,3.702,5.011,4.01,4.511,4.511 c-0.5,0.5-0.808,1.002-1.038,1.594C3.25,6.677,3.098,7.331,3.054,8.289C3.01,9.249,3,9.556,3,12c0,2.444,0.01,2.751,0.054,3.711 c0.044,0.958,0.196,1.612,0.418,2.185c0.23,0.592,0.538,1.094,1.038,1.594c0.5,0.5,1.002,0.808,1.594,1.038 c0.572,0.222,1.227,0.375,2.185,0.418C9.249,20.99,9.556,21,12,21s2.751-0.01,3.711-0.054c0.958-0.044,1.612-0.196,2.185-0.418 c0.592-0.23,1.094-0.538,1.594-1.038c0.5-0.5,0.808-1.002,1.038-1.594c0.222-0.572,0.375-1.227,0.418-2.185 C20.99,14.751,21,14.444,21,12s-0.01-2.751-0.054-3.711c-0.044-0.958-0.196-1.612-0.418-2.185c-0.23-0.592-0.538-1.094-1.038-1.594 c-0.5-0.5-1.002-0.808-1.594-1.038c-0.572-0.222-1.227-0.375-2.185-0.418C14.751,3.01,14.444,3,12,3L12,3z M12,7.378 c-2.552,0-4.622,2.069-4.622,4.622S9.448,16.622,12,16.622s4.622-2.069,4.622-4.622S14.552,7.378,12,7.378z M12,15 c-1.657,0-3-1.343-3-3s1.343-3,3-3s3,1.343,3,3S13.657,15,12,15z M16.804,6.116c-0.596,0-1.08,0.484-1.08,1.08 s0.484,1.08,1.08,1.08c0.596,0,1.08-0.484,1.08-1.08S17.401,6.116,16.804,6.116z\"><\/path><\/svg><span class=\"wp-block-social-link-label screen-reader-text\">Instagram<\/span><\/a><\/li>\n\n<li class=\"wp-social-link wp-social-link-youtube  wp-block-social-link\"><a href=\"https:\/\/www.youtube.com\/channel\/UCAH2IEZk2zm_cjrrtCzVjNA\" class=\"wp-block-social-link-anchor\"><svg width=\"24\" height=\"24\" viewBox=\"0 0 24 24\" version=\"1.1\" xmlns=\"http:\/\/www.w3.org\/2000\/svg\" aria-hidden=\"true\" focusable=\"false\"><path d=\"M21.8,8.001c0,0-0.195-1.378-0.795-1.985c-0.76-0.797-1.613-0.801-2.004-0.847c-2.799-0.202-6.997-0.202-6.997-0.202 h-0.009c0,0-4.198,0-6.997,0.202C4.608,5.216,3.756,5.22,2.995,6.016C2.395,6.623,2.2,8.001,2.2,8.001S2,9.62,2,11.238v1.517 c0,1.618,0.2,3.237,0.2,3.237s0.195,1.378,0.795,1.985c0.761,0.797,1.76,0.771,2.205,0.855c1.6,0.153,6.8,0.201,6.8,0.201 s4.203-0.006,7.001-0.209c0.391-0.047,1.243-0.051,2.004-0.847c0.6-0.607,0.795-1.985,0.795-1.985s0.2-1.618,0.2-3.237v-1.517 C22,9.62,21.8,8.001,21.8,8.001z M9.935,14.594l-0.001-5.62l5.404,2.82L9.935,14.594z\"><\/path><\/svg><span class=\"wp-block-social-link-label screen-reader-text\">YouTube<\/span><\/a><\/li>\n\n<li class=\"wp-social-link wp-social-link-chain  wp-block-social-link\"><a href=\"https:\/\/www.strava.com\/athletes\/6362423\" class=\"wp-block-social-link-anchor\"><svg width=\"24\" height=\"24\" viewBox=\"0 0 24 24\" version=\"1.1\" xmlns=\"http:\/\/www.w3.org\/2000\/svg\" aria-hidden=\"true\" focusable=\"false\"><path d=\"M15.6,7.2H14v1.5h1.6c2,0,3.7,1.7,3.7,3.7s-1.7,3.7-3.7,3.7H14v1.5h1.6c2.8,0,5.2-2.3,5.2-5.2,0-2.9-2.3-5.2-5.2-5.2zM4.7,12.4c0-2,1.7-3.7,3.7-3.7H10V7.2H8.4c-2.9,0-5.2,2.3-5.2,5.2,0,2.9,2.3,5.2,5.2,5.2H10v-1.5H8.4c-2,0-3.7-1.7-3.7-3.7zm4.6.9h5.3v-1.5H9.3v1.5z\"><\/path><\/svg><span class=\"wp-block-social-link-label screen-reader-text\">Lien<\/span><\/a><\/li><\/ul>\n\n\n<ul class=\"wp-block-latest-posts__list has-dates wp-block-latest-posts\"><li><a class=\"wp-block-latest-posts__post-title\" href=\"https:\/\/michiokurata.com\/?p=2005\">Le mat\u00e9riel du motard geek<\/a><time datetime=\"2025-07-17T12:16:05+02:00\" class=\"wp-block-latest-posts__post-date\">17\/07\/2025<\/time><div class=\"wp-block-latest-posts__post-excerpt\">Mat\u00e9riel vid\u00e9o, photo, informatique, et moto&#8230; Un rapide (euh, non, un long, tr\u00e8s long m\u00eame) tour du propri\u00e9taire de tout &hellip; <p class=\"link-more\"><a href=\"https:\/\/michiokurata.com\/?p=2005\" class=\"more-link\">Continuer la lecture<span class=\"screen-reader-text\"> de &laquo;&nbsp;Le mat\u00e9riel du motard geek&nbsp;&raquo;<\/span><\/a><\/p><\/div><\/li>\n<li><a class=\"wp-block-latest-posts__post-title\" href=\"https:\/\/michiokurata.com\/?p=2112\">Picos de Europa 2023, Episode 4<\/a><time datetime=\"2024-08-29T17:36:00+02:00\" class=\"wp-block-latest-posts__post-date\">29\/08\/2024<\/time><div class=\"wp-block-latest-posts__post-excerpt\">Santo Toribio, Cain de Valde\u00f3n Le programme pr\u00e9vu \u00e9tait de d\u00e9poser Sophie au Sanctuaire de Santo Toribio, aller chercher les &hellip; <p class=\"link-more\"><a href=\"https:\/\/michiokurata.com\/?p=2112\" class=\"more-link\">Continuer la lecture<span class=\"screen-reader-text\"> de &laquo;&nbsp;Picos de Europa 2023, Episode 4&nbsp;&raquo;<\/span><\/a><\/p><\/div><\/li>\n<li><a class=\"wp-block-latest-posts__post-title\" href=\"https:\/\/michiokurata.com\/?p=2078\">Nation&rsquo;Alpes 2024<\/a><time datetime=\"2024-07-22T20:14:49+02:00\" class=\"wp-block-latest-posts__post-date\">22\/07\/2024<\/time><div class=\"wp-block-latest-posts__post-excerpt\">Rencontre moto avec les Potos \u00e0 St Jean de Sixt, Ascension 2024 Depuis le d\u00e9but de mon burnout, la moto &hellip; <p class=\"link-more\"><a href=\"https:\/\/michiokurata.com\/?p=2078\" class=\"more-link\">Continuer la lecture<span class=\"screen-reader-text\"> de &laquo;&nbsp;Nation&rsquo;Alpes 2024&nbsp;&raquo;<\/span><\/a><\/p><\/div><\/li>\n<li><a class=\"wp-block-latest-posts__post-title\" href=\"https:\/\/michiokurata.com\/?p=2052\">Les Picos de Europa 2023, Episode 3<\/a><time datetime=\"2024-03-03T21:00:49+02:00\" class=\"wp-block-latest-posts__post-date\">03\/03\/2024<\/time><div class=\"wp-block-latest-posts__post-excerpt\">\u00ab\u00a0Petite\u00a0\u00bb journ\u00e9e au programme (moins de 200km, et tr\u00e8s \u00ab\u00a0roulant\u00a0\u00bb ^^), avec le tour de grands classiques incontournables des Picos &hellip; <p class=\"link-more\"><a href=\"https:\/\/michiokurata.com\/?p=2052\" class=\"more-link\">Continuer la lecture<span class=\"screen-reader-text\"> de &laquo;&nbsp;Les Picos de Europa 2023, Episode 3&nbsp;&raquo;<\/span><\/a><\/p><\/div><\/li>\n<li><a class=\"wp-block-latest-posts__post-title\" href=\"https:\/\/michiokurata.com\/?p=1998\">Les Picos de Europa 2023, \u00e9pisode 2<\/a><time datetime=\"2024-01-26T17:27:06+02:00\" class=\"wp-block-latest-posts__post-date\">26\/01\/2024<\/time><div class=\"wp-block-latest-posts__post-excerpt\">Premier jour dans les Picos de Europa, \u00e9t\u00e9 2023\n<\/div><\/li>\n<li><a class=\"wp-block-latest-posts__post-title\" href=\"https:\/\/michiokurata.com\/?p=1966\">Les Picos de Europa 2023, \u00e9pisode 1<\/a><time datetime=\"2023-12-08T21:41:56+02:00\" class=\"wp-block-latest-posts__post-date\">08\/12\/2023<\/time><div class=\"wp-block-latest-posts__post-excerpt\">Premi\u00e8re partie : la liaison La Roche-sur-Yon &#8211; Ojedo (Espagne) Histoire de prendre l&rsquo;air et de se d\u00e9payser, nouvelle destination &hellip; <p class=\"link-more\"><a href=\"https:\/\/michiokurata.com\/?p=1966\" class=\"more-link\">Continuer la lecture<span class=\"screen-reader-text\"> de &laquo;&nbsp;Les Picos de Europa 2023, \u00e9pisode 1&nbsp;&raquo;<\/span><\/a><\/p><\/div><\/li>\n<li><a class=\"wp-block-latest-posts__post-title\" href=\"https:\/\/michiokurata.com\/?p=1959\">L&rsquo;Heureux Tour 2023<\/a><time datetime=\"2023-11-14T17:39:54+02:00\" class=\"wp-block-latest-posts__post-date\">14\/11\/2023<\/time><div class=\"wp-block-latest-posts__post-excerpt\">Nouvelle balade avec les Potos, sous le soleil printanier auvergnat ! Marc organisait une petite balade en Auvergne.Condat n&rsquo;\u00e9tant pas &hellip; <p class=\"link-more\"><a href=\"https:\/\/michiokurata.com\/?p=1959\" class=\"more-link\">Continuer la lecture<span class=\"screen-reader-text\"> de &laquo;&nbsp;L&rsquo;Heureux Tour 2023&nbsp;&raquo;<\/span><\/a><\/p><\/div><\/li>\n<li><a class=\"wp-block-latest-posts__post-title\" href=\"https:\/\/michiokurata.com\/?p=1881\">V\u00eatements chauffants Keis : pantalon T103RP et veste J505RP<\/a><time datetime=\"2023-10-12T16:11:45+02:00\" class=\"wp-block-latest-posts__post-date\">12\/10\/2023<\/time><div class=\"wp-block-latest-posts__post-excerpt\">Signe de la vieillerie qui fait son oeuvre, et avant de passer \u00e0 la remorque pour les liaisons, le P\u00e8re &hellip; <p class=\"link-more\"><a href=\"https:\/\/michiokurata.com\/?p=1881\" class=\"more-link\">Continuer la lecture<span class=\"screen-reader-text\"> de &laquo;&nbsp;V\u00eatements chauffants Keis : pantalon T103RP et veste J505RP&nbsp;&raquo;<\/span><\/a><\/p><\/div><\/li>\n<li><a class=\"wp-block-latest-posts__post-title\" href=\"https:\/\/michiokurata.com\/?p=1929\">Avesnois 2022 : c&rsquo;est le Nooooord !<\/a><time datetime=\"2023-10-12T14:52:44+02:00\" class=\"wp-block-latest-posts__post-date\">12\/10\/2023<\/time><div class=\"wp-block-latest-posts__post-excerpt\">Il \u00e9tait temps de changer d&rsquo;air ! Merci \u00e0 ma ch\u00e9rie de m&rsquo;avoir pouss\u00e9 \u00e0 aller retrouver les copains \u00e0 &hellip; <p class=\"link-more\"><a href=\"https:\/\/michiokurata.com\/?p=1929\" class=\"more-link\">Continuer la lecture<span class=\"screen-reader-text\"> de &laquo;&nbsp;Avesnois 2022 : c&rsquo;est le Nooooord !&nbsp;&raquo;<\/span><\/a><\/p><\/div><\/li>\n<li><a class=\"wp-block-latest-posts__post-title\" href=\"https:\/\/michiokurata.com\/?p=1871\">MotoTour2022, \u00e9pisode 8 : Les Grands Cols<\/a><time datetime=\"2023-02-07T21:30:40+02:00\" class=\"wp-block-latest-posts__post-date\">07\/02\/2023<\/time><div class=\"wp-block-latest-posts__post-excerpt\">Que des \u00ab\u00a0petits\u00a0\u00bb cols au programme&#8230; Vars, Izoard, Lautaret, Galibier, T\u00e9l\u00e9graphe, Iseran, Roselend&#8230; Sans doute trop \u00e0 faire en une &hellip; <p class=\"link-more\"><a href=\"https:\/\/michiokurata.com\/?p=1871\" class=\"more-link\">Continuer la lecture<span class=\"screen-reader-text\"> de &laquo;&nbsp;MotoTour2022, \u00e9pisode 8 : Les Grands Cols&nbsp;&raquo;<\/span><\/a><\/p><\/div><\/li>\n<li><a class=\"wp-block-latest-posts__post-title\" href=\"https:\/\/michiokurata.com\/?p=1829\">MotoTour2022, \u00e9pisode 7 : col de la Bonette<\/a><time datetime=\"2022-12-16T19:14:15+02:00\" class=\"wp-block-latest-posts__post-date\">16\/12\/2022<\/time><div class=\"wp-block-latest-posts__post-excerpt\">Apr\u00e8s le Sud de la Route des Grandes Alpes, petite liaison \u00ab\u00a0tranquille\u00a0\u00bb vers Jausiers avec le somptueux col de la &hellip; <p class=\"link-more\"><a href=\"https:\/\/michiokurata.com\/?p=1829\" class=\"more-link\">Continuer la lecture<span class=\"screen-reader-text\"> de &laquo;&nbsp;MotoTour2022, \u00e9pisode 7 : col de la Bonette&nbsp;&raquo;<\/span><\/a><\/p><\/div><\/li>\n<li><a class=\"wp-block-latest-posts__post-title\" href=\"https:\/\/michiokurata.com\/?p=1746\">MotoTour 2022, \u00e9pisode 6 : la Route des Grandes Alpes.<\/a><time datetime=\"2022-11-27T17:21:22+02:00\" class=\"wp-block-latest-posts__post-date\">27\/11\/2022<\/time><div class=\"wp-block-latest-posts__post-excerpt\">Col de Turini, col de Castillon, Authion et Madone d&rsquo;Utelle : on attaque la Route des Grandes Alpes. Apr\u00e8s la &hellip; <p class=\"link-more\"><a href=\"https:\/\/michiokurata.com\/?p=1746\" class=\"more-link\">Continuer la lecture<span class=\"screen-reader-text\"> de &laquo;&nbsp;MotoTour 2022, \u00e9pisode 6 : la Route des Grandes Alpes.&nbsp;&raquo;<\/span><\/a><\/p><\/div><\/li>\n<li><a class=\"wp-block-latest-posts__post-title\" href=\"https:\/\/michiokurata.com\/?p=1715\">Voyage \u00e0 moto MotoTour 2022, \u00e9pisode 3, 4 et 5 : Gorges du Verdon, Gorges de Daluis, Col de la Couillole<\/a><time datetime=\"2022-10-28T11:13:11+02:00\" class=\"wp-block-latest-posts__post-date\">28\/10\/2022<\/time><div class=\"wp-block-latest-posts__post-excerpt\">Magnifique \u00e9tape de liaison de Aix-en-Provence \u00e0 St Martin V\u00e9subie, Faire une \u00e9tape de liaison n&#8217;emp\u00eache pas de prendre des &hellip; <p class=\"link-more\"><a href=\"https:\/\/michiokurata.com\/?p=1715\" class=\"more-link\">Continuer la lecture<span class=\"screen-reader-text\"> de &laquo;&nbsp;Voyage \u00e0 moto MotoTour 2022, \u00e9pisode 3, 4 et 5 : Gorges du Verdon, Gorges de Daluis, Col de la Couillole&nbsp;&raquo;<\/span><\/a><\/p><\/div><\/li>\n<li><a class=\"wp-block-latest-posts__post-title\" href=\"https:\/\/michiokurata.com\/?p=1665\">Voyage \u00e0 moto MotoTour 2022, \u00e9pisode 2<\/a><time datetime=\"2022-10-09T17:06:10+02:00\" class=\"wp-block-latest-posts__post-date\">09\/10\/2022<\/time><div class=\"wp-block-latest-posts__post-excerpt\">Premi\u00e8re journ\u00e9e de balade : le Mont Ventoux depuis Sault puis les Gorges de la Nesque.(vid\u00e9o en fin d&rsquo;article) Depuis &hellip; <p class=\"link-more\"><a href=\"https:\/\/michiokurata.com\/?p=1665\" class=\"more-link\">Continuer la lecture<span class=\"screen-reader-text\"> de &laquo;&nbsp;Voyage \u00e0 moto MotoTour 2022, \u00e9pisode 2&nbsp;&raquo;<\/span><\/a><\/p><\/div><\/li>\n<li><a class=\"wp-block-latest-posts__post-title\" href=\"https:\/\/michiokurata.com\/?p=1572\">Voyage \u00e0 moto MotoTour 2022, \u00e9pisode 1<\/a><time datetime=\"2022-09-26T12:20:12+02:00\" class=\"wp-block-latest-posts__post-date\">26\/09\/2022<\/time><div class=\"wp-block-latest-posts__post-excerpt\">Etape de liaison de La Roche-sur-Yon \u00e0 Aix en Provence, avec une \u00e9tape \u00e0 Rodez, en passant sous le Viaduc &hellip; <p class=\"link-more\"><a href=\"https:\/\/michiokurata.com\/?p=1572\" class=\"more-link\">Continuer la lecture<span class=\"screen-reader-text\"> de &laquo;&nbsp;Voyage \u00e0 moto MotoTour 2022, \u00e9pisode 1&nbsp;&raquo;<\/span><\/a><\/p><\/div><\/li>\n<\/ul>","protected":false},"excerpt":{"rendered":"<p>Quoi ? Qui ? Pourquoi ? Qui suis-je ?&#8211; cinquantaine pass\u00e9e en quarantaine, &#8211; comp\u00e9titeur sportif dans l&rsquo;\u00e2me, &#8211; motard apais\u00e9 qui prend plus de plaisir \u00e0 frotter les cale-pieds qu&rsquo;\u00e0 rouler \u00e0 200 (tiens, d&rsquo;ailleurs j&rsquo;ai jamais fait en moto !), &#8211; mari\u00e9 \u00e0 ma formidable amoureuse depuis 27 ans, &#8211; papa tr\u00e8s fier &hellip; <\/p>\n<p class=\"link-more\"><a href=\"https:\/\/michiokurata.com\/?page_id=1203\" class=\"more-link\">Continuer la lecture<span class=\"screen-reader-text\"> de &laquo;&nbsp;A propos&nbsp;&raquo;<\/span><\/a><\/p>\n","protected":false},"author":1,"featured_media":0,"parent":0,"menu_order":0,"comment_status":"closed","ping_status":"closed","template":"","meta":{"footnotes":""},"class_list":["post-1203","page","type-page","status-publish","hentry"],"aioseo_notices":[],"_links":{"self":[{"href":"https:\/\/michiokurata.com\/index.php?rest_route=\/wp\/v2\/pages\/1203","targetHints":{"allow":["GET"]}}],"collection":[{"href":"https:\/\/michiokurata.com\/index.php?rest_route=\/wp\/v2\/pages"}],"about":[{"href":"https:\/\/michiokurata.com\/index.php?rest_route=\/wp\/v2\/types\/page"}],"author":[{"embeddable":true,"href":"https:\/\/michiokurata.com\/index.php?rest_route=\/wp\/v2\/users\/1"}],"replies":[{"embeddable":true,"href":"https:\/\/michiokurata.com\/index.php?rest_route=%2Fwp%2Fv2%2Fcomments&post=1203"}],"version-history":[{"count":20,"href":"https:\/\/michiokurata.com\/index.php?rest_route=\/wp\/v2\/pages\/1203\/revisions"}],"predecessor-version":[{"id":2185,"href":"https:\/\/michiokurata.com\/index.php?rest_route=\/wp\/v2\/pages\/1203\/revisions\/2185"}],"wp:attachment":[{"href":"https:\/\/michiokurata.com\/index.php?rest_route=%2Fwp%2Fv2%2Fmedia&parent=1203"}],"curies":[{"name":"wp","href":"https:\/\/api.w.org\/{rel}","templated":true}]}}