{"id":1221,"date":"2022-06-09T17:05:21","date_gmt":"2022-06-09T15:05:21","guid":{"rendered":"https:\/\/michiokurata.com\/?page_id=1221"},"modified":"2022-10-04T16:03:31","modified_gmt":"2022-10-04T14:03:31","slug":"mood","status":"publish","type":"page","link":"https:\/\/michiokurata.com\/?page_id=1221","title":{"rendered":"Mood"},"content":{"rendered":"<div class=\"aioseo-breadcrumbs\"><span class=\"aioseo-breadcrumb\">\n\t\t\tHome\n\t\t<\/span><\/div>\n\n\n<div class=\"wp-block-media-text alignwide is-stacked-on-mobile is-vertically-aligned-top\" style=\"grid-template-columns:36% auto\"><figure class=\"wp-block-media-text__media\"><img loading=\"lazy\" decoding=\"async\" width=\"1024\" height=\"640\" src=\"https:\/\/michiokurata.com\/wp-content\/uploads\/2022\/06\/FOND-MOOD-SITE-1024x640.jpg\" alt=\"\" class=\"wp-image-1332 size-full\" srcset=\"https:\/\/michiokurata.com\/wp-content\/uploads\/2022\/06\/FOND-MOOD-SITE-1024x640.jpg 1024w, https:\/\/michiokurata.com\/wp-content\/uploads\/2022\/06\/FOND-MOOD-SITE-300x188.jpg 300w, https:\/\/michiokurata.com\/wp-content\/uploads\/2022\/06\/FOND-MOOD-SITE-768x480.jpg 768w, https:\/\/michiokurata.com\/wp-content\/uploads\/2022\/06\/FOND-MOOD-SITE-1536x960.jpg 1536w, https:\/\/michiokurata.com\/wp-content\/uploads\/2022\/06\/FOND-MOOD-SITE-2048x1280.jpg 2048w\" sizes=\"auto, (max-width: 706px) 89vw, (max-width: 767px) 82vw, 740px\" \/><\/figure><div class=\"wp-block-media-text__content\">\n<p class=\"has-medium-font-size\">Il y a des jours avec, des jours sans, des coups de coeur, des coups de gueule&#8230; <\/p>\n\n\n\n<p class=\"has-medium-font-size\">Et parfois \u00e7a finit ici&#8230;<\/p>\n<\/div><\/div>\n\n\n\n<p>Bon, pour l&rsquo;instant, je ne pense pas \u00e0 grand-chose, et en plein burn-out, la mood est pas terrible globalement, alors en attendant de penser sereinement, je me r\u00e9fugie dans la moto et le sport, quand je trouve la motivation&#8230;<\/p>\n\n\n\n<p>Mais \u00e7a va vite se remplir, avec des id\u00e9es (manger, par exemple, important le miam ! Ou encore le v\u00e9cu de sa premi\u00e8re op\u00e9ration chirurgicale \u00e0 plus de 50 ans&#8230;) d\u00e9j\u00e0 en t\u00eate&#8230;<\/p>\n\n\n<ul class=\"wp-block-latest-posts__list has-dates wp-block-latest-posts\"><\/ul>","protected":false},"excerpt":{"rendered":"<p>Il y a des jours avec, des jours sans, des coups de coeur, des coups de gueule&#8230; Et parfois \u00e7a finit ici&#8230; Bon, pour l&rsquo;instant, je ne pense pas \u00e0 grand-chose, et en plein burn-out, la mood est pas terrible globalement, alors en attendant de penser sereinement, je me r\u00e9fugie dans la moto et le &hellip; <\/p>\n<p class=\"link-more\"><a href=\"https:\/\/michiokurata.com\/?page_id=1221\" class=\"more-link\">Continuer la lecture<span class=\"screen-reader-text\"> de &laquo;&nbsp;Mood&nbsp;&raquo;<\/span><\/a><\/p>\n","protected":false},"author":1,"featured_media":0,"parent":0,"menu_order":0,"comment_status":"closed","ping_status":"closed","template":"","meta":{"footnotes":""},"class_list":["post-1221","page","type-page","status-publish","hentry"],"aioseo_notices":[],"_links":{"self":[{"href":"https:\/\/michiokurata.com\/index.php?rest_route=\/wp\/v2\/pages\/1221","targetHints":{"allow":["GET"]}}],"collection":[{"href":"https:\/\/michiokurata.com\/index.php?rest_route=\/wp\/v2\/pages"}],"about":[{"href":"https:\/\/michiokurata.com\/index.php?rest_route=\/wp\/v2\/types\/page"}],"author":[{"embeddable":true,"href":"https:\/\/michiokurata.com\/index.php?rest_route=\/wp\/v2\/users\/1"}],"replies":[{"embeddable":true,"href":"https:\/\/michiokurata.com\/index.php?rest_route=%2Fwp%2Fv2%2Fcomments&post=1221"}],"version-history":[{"count":7,"href":"https:\/\/michiokurata.com\/index.php?rest_route=\/wp\/v2\/pages\/1221\/revisions"}],"predecessor-version":[{"id":1645,"href":"https:\/\/michiokurata.com\/index.php?rest_route=\/wp\/v2\/pages\/1221\/revisions\/1645"}],"wp:attachment":[{"href":"https:\/\/michiokurata.com\/index.php?rest_route=%2Fwp%2Fv2%2Fmedia&parent=1221"}],"curies":[{"name":"wp","href":"https:\/\/api.w.org\/{rel}","templated":true}]}}