{"id":1413,"date":"2022-07-05T23:54:46","date_gmt":"2022-07-05T21:54:46","guid":{"rendered":"https:\/\/michiokurata.com\/?page_id=1413"},"modified":"2022-10-04T16:22:19","modified_gmt":"2022-10-04T14:22:19","slug":"courses-et-entrainements","status":"publish","type":"page","link":"https:\/\/michiokurata.com\/?page_id=1413","title":{"rendered":"Courses et entrainements"},"content":{"rendered":"<div class=\"aioseo-breadcrumbs\"><span class=\"aioseo-breadcrumb\">\n\t\t\tHome\n\t\t<\/span><\/div>\n\n\n<p><\/p>\n\n\n\n<p class=\"has-medium-font-size\">Tu n&rsquo;es pas bon dans un sport ?<br>Et si tu essayais d&rsquo;\u00eatre mauvais dans trois \u00e0 la fois ? <\/p>\n\n\n\n<div class=\"wp-block-media-text alignwide is-stacked-on-mobile\"><figure class=\"wp-block-media-text__media\"><img loading=\"lazy\" decoding=\"async\" width=\"1024\" height=\"640\" src=\"https:\/\/michiokurata.com\/wp-content\/uploads\/2022\/07\/FOND-SITE-SPORT-RUBRIQUE-1024x640.jpg\" alt=\"brigade du style\" class=\"wp-image-1351 size-full\" srcset=\"https:\/\/michiokurata.com\/wp-content\/uploads\/2022\/07\/FOND-SITE-SPORT-RUBRIQUE-1024x640.jpg 1024w, https:\/\/michiokurata.com\/wp-content\/uploads\/2022\/07\/FOND-SITE-SPORT-RUBRIQUE-300x188.jpg 300w, https:\/\/michiokurata.com\/wp-content\/uploads\/2022\/07\/FOND-SITE-SPORT-RUBRIQUE-768x480.jpg 768w, https:\/\/michiokurata.com\/wp-content\/uploads\/2022\/07\/FOND-SITE-SPORT-RUBRIQUE-1536x960.jpg 1536w, https:\/\/michiokurata.com\/wp-content\/uploads\/2022\/07\/FOND-SITE-SPORT-RUBRIQUE-2048x1280.jpg 2048w\" sizes=\"auto, (max-width: 706px) 89vw, (max-width: 767px) 82vw, 740px\" \/><\/figure><div class=\"wp-block-media-text__content\">\n<p class=\"has-medium-font-size\">Un sportif aime bien se vanter, raconter ses exploits dominicaux.<br>Comme un motard, mais en pire !<br>Un triathl\u00e8te, c&rsquo;est trois sportifs en un&#8230; <\/p>\n<\/div><\/div>\n\n\n<ul class=\"wp-block-latest-posts__list has-dates wp-block-latest-posts\"><\/ul>\n\n<ul class=\"wp-block-archives-list wp-block-archives\">\t<li><a href='https:\/\/michiokurata.com\/?m=202507'>juillet 2025<\/a><\/li>\n\t<li><a href='https:\/\/michiokurata.com\/?m=202408'>ao\u00fbt 2024<\/a><\/li>\n\t<li><a href='https:\/\/michiokurata.com\/?m=202407'>juillet 2024<\/a><\/li>\n\t<li><a href='https:\/\/michiokurata.com\/?m=202403'>mars 2024<\/a><\/li>\n\t<li><a href='https:\/\/michiokurata.com\/?m=202401'>janvier 2024<\/a><\/li>\n\t<li><a href='https:\/\/michiokurata.com\/?m=202312'>d\u00e9cembre 2023<\/a><\/li>\n\t<li><a href='https:\/\/michiokurata.com\/?m=202311'>novembre 2023<\/a><\/li>\n\t<li><a href='https:\/\/michiokurata.com\/?m=202310'>octobre 2023<\/a><\/li>\n\t<li><a href='https:\/\/michiokurata.com\/?m=202302'>f\u00e9vrier 2023<\/a><\/li>\n\t<li><a href='https:\/\/michiokurata.com\/?m=202212'>d\u00e9cembre 2022<\/a><\/li>\n\t<li><a href='https:\/\/michiokurata.com\/?m=202211'>novembre 2022<\/a><\/li>\n\t<li><a href='https:\/\/michiokurata.com\/?m=202210'>octobre 2022<\/a><\/li>\n\t<li><a href='https:\/\/michiokurata.com\/?m=202209'>septembre 2022<\/a><\/li>\n\t<li><a href='https:\/\/michiokurata.com\/?m=202207'>juillet 2022<\/a><\/li>\n<\/ul>","protected":false},"excerpt":{"rendered":"<p>Tu n&rsquo;es pas bon dans un sport ?Et si tu essayais d&rsquo;\u00eatre mauvais dans trois \u00e0 la fois ? Un sportif aime bien se vanter, raconter ses exploits dominicaux.Comme un motard, mais en pire !Un triathl\u00e8te, c&rsquo;est trois sportifs en un&#8230;<\/p>\n","protected":false},"author":1,"featured_media":0,"parent":1169,"menu_order":1,"comment_status":"closed","ping_status":"closed","template":"","meta":{"footnotes":""},"class_list":["post-1413","page","type-page","status-publish","hentry"],"aioseo_notices":[],"_links":{"self":[{"href":"https:\/\/michiokurata.com\/index.php?rest_route=\/wp\/v2\/pages\/1413","targetHints":{"allow":["GET"]}}],"collection":[{"href":"https:\/\/michiokurata.com\/index.php?rest_route=\/wp\/v2\/pages"}],"about":[{"href":"https:\/\/michiokurata.com\/index.php?rest_route=\/wp\/v2\/types\/page"}],"author":[{"embeddable":true,"href":"https:\/\/michiokurata.com\/index.php?rest_route=\/wp\/v2\/users\/1"}],"replies":[{"embeddable":true,"href":"https:\/\/michiokurata.com\/index.php?rest_route=%2Fwp%2Fv2%2Fcomments&post=1413"}],"version-history":[{"count":7,"href":"https:\/\/michiokurata.com\/index.php?rest_route=\/wp\/v2\/pages\/1413\/revisions"}],"predecessor-version":[{"id":1660,"href":"https:\/\/michiokurata.com\/index.php?rest_route=\/wp\/v2\/pages\/1413\/revisions\/1660"}],"up":[{"embeddable":true,"href":"https:\/\/michiokurata.com\/index.php?rest_route=\/wp\/v2\/pages\/1169"}],"wp:attachment":[{"href":"https:\/\/michiokurata.com\/index.php?rest_route=%2Fwp%2Fv2%2Fmedia&parent=1413"}],"curies":[{"name":"wp","href":"https:\/\/api.w.org\/{rel}","templated":true}]}}