{"id":1416,"date":"2022-07-06T00:06:51","date_gmt":"2022-07-05T22:06:51","guid":{"rendered":"https:\/\/michiokurata.com\/?page_id=1416"},"modified":"2022-10-04T16:23:24","modified_gmt":"2022-10-04T14:23:24","slug":"matos-triathlon","status":"publish","type":"page","link":"https:\/\/michiokurata.com\/?page_id=1416","title":{"rendered":"MATOS TRIATHLON"},"content":{"rendered":"<div class=\"aioseo-breadcrumbs\"><span class=\"aioseo-breadcrumb\">\n\t\t\tHome\n\t\t<\/span><\/div>\n\n\n<p><\/p>\n\n\n\n<p class=\"has-medium-font-size\">Le triathlon, \u00e7a co\u00fbte pas cher comme sport.<br>Pas oblig\u00e9 d&rsquo;avoir le dernier v\u00e9lo \u00e0 la mode, les derni\u00e8res runnings, &#8230;.<br>Un v\u00e9lo de base, un maillot de bain, des lunettes, une paire de running, et c&rsquo;est bon !!!<\/p>\n\n\n\n<div class=\"wp-block-media-text alignwide is-stacked-on-mobile\"><figure class=\"wp-block-media-text__media\"><img loading=\"lazy\" decoding=\"async\" width=\"1024\" height=\"640\" src=\"https:\/\/michiokurata.com\/wp-content\/uploads\/2022\/07\/FOND-TEST-MATOS-SPORT-1024x640.jpg\" alt=\"BMC Timemachie\" class=\"wp-image-1353 size-full\" srcset=\"https:\/\/michiokurata.com\/wp-content\/uploads\/2022\/07\/FOND-TEST-MATOS-SPORT-1024x640.jpg 1024w, https:\/\/michiokurata.com\/wp-content\/uploads\/2022\/07\/FOND-TEST-MATOS-SPORT-300x188.jpg 300w, https:\/\/michiokurata.com\/wp-content\/uploads\/2022\/07\/FOND-TEST-MATOS-SPORT-768x480.jpg 768w, https:\/\/michiokurata.com\/wp-content\/uploads\/2022\/07\/FOND-TEST-MATOS-SPORT-1536x960.jpg 1536w, https:\/\/michiokurata.com\/wp-content\/uploads\/2022\/07\/FOND-TEST-MATOS-SPORT-2048x1280.jpg 2048w\" sizes=\"auto, (max-width: 706px) 89vw, (max-width: 767px) 82vw, 740px\" \/><\/figure><div class=\"wp-block-media-text__content\">\n<p class=\"has-medium-font-size\">Et puis il y a la combinaison de natation.<br>Et la montre #toutcequinestpassurstravanexistepas.<br>Et le compteur v\u00e9lo.<br>Et puis le v\u00e9lo chrono, et puis les roues a\u00e9ro, et une nouvelle paire de runnings, &#8230;<\/p>\n<\/div><\/div>\n\n\n\n<p class=\"has-large-font-size\">COMING SOON<\/p>\n\n\n<ul class=\"wp-block-latest-posts__list has-dates wp-block-latest-posts\"><\/ul>","protected":false},"excerpt":{"rendered":"<p>Le triathlon, \u00e7a co\u00fbte pas cher comme sport.Pas oblig\u00e9 d&rsquo;avoir le dernier v\u00e9lo \u00e0 la mode, les derni\u00e8res runnings, &#8230;.Un v\u00e9lo de base, un maillot de bain, des lunettes, une paire de running, et c&rsquo;est bon !!! Et puis il y a la combinaison de natation.Et la montre #toutcequinestpassurstravanexistepas.Et le compteur v\u00e9lo.Et puis le v\u00e9lo &hellip; <\/p>\n<p class=\"link-more\"><a href=\"https:\/\/michiokurata.com\/?page_id=1416\" class=\"more-link\">Continuer la lecture<span class=\"screen-reader-text\"> de &laquo;&nbsp;MATOS TRIATHLON&nbsp;&raquo;<\/span><\/a><\/p>\n","protected":false},"author":1,"featured_media":0,"parent":1169,"menu_order":1,"comment_status":"closed","ping_status":"closed","template":"","meta":{"footnotes":""},"class_list":["post-1416","page","type-page","status-publish","hentry"],"aioseo_notices":[],"_links":{"self":[{"href":"https:\/\/michiokurata.com\/index.php?rest_route=\/wp\/v2\/pages\/1416","targetHints":{"allow":["GET"]}}],"collection":[{"href":"https:\/\/michiokurata.com\/index.php?rest_route=\/wp\/v2\/pages"}],"about":[{"href":"https:\/\/michiokurata.com\/index.php?rest_route=\/wp\/v2\/types\/page"}],"author":[{"embeddable":true,"href":"https:\/\/michiokurata.com\/index.php?rest_route=\/wp\/v2\/users\/1"}],"replies":[{"embeddable":true,"href":"https:\/\/michiokurata.com\/index.php?rest_route=%2Fwp%2Fv2%2Fcomments&post=1416"}],"version-history":[{"count":6,"href":"https:\/\/michiokurata.com\/index.php?rest_route=\/wp\/v2\/pages\/1416\/revisions"}],"predecessor-version":[{"id":1662,"href":"https:\/\/michiokurata.com\/index.php?rest_route=\/wp\/v2\/pages\/1416\/revisions\/1662"}],"up":[{"embeddable":true,"href":"https:\/\/michiokurata.com\/index.php?rest_route=\/wp\/v2\/pages\/1169"}],"wp:attachment":[{"href":"https:\/\/michiokurata.com\/index.php?rest_route=%2Fwp%2Fv2%2Fmedia&parent=1416"}],"curies":[{"name":"wp","href":"https:\/\/api.w.org\/{rel}","templated":true}]}}