{"id":1596,"date":"2022-09-28T12:13:20","date_gmt":"2022-09-28T10:13:20","guid":{"rendered":"https:\/\/michiokurata.com\/?page_id=1596"},"modified":"2022-10-04T15:44:51","modified_gmt":"2022-10-04T13:44:51","slug":"balades-a-moto-motorbike-trips","status":"publish","type":"page","link":"https:\/\/michiokurata.com\/?page_id=1596","title":{"rendered":"Balades \u00e0 moto &#8211; Motorbike trips"},"content":{"rendered":"<div class=\"aioseo-breadcrumbs\"><span class=\"aioseo-breadcrumb\">\n\t\t\tHome\n\t\t<\/span><\/div>\n\n\n<p>Jura, Auvergne, Morvan, Route des Grandes Alpes (dans les deux sens), Dolomites (quatre fois), Pyr\u00e9nn\u00e9es, Pays Basque, Bretagne Sud, Normandie, &#8230;<\/p>\n\n\n\n<div class=\"wp-block-media-text alignfull is-stacked-on-mobile is-vertically-aligned-top\" style=\"grid-template-columns:52% auto\"><figure class=\"wp-block-media-text__media\"><img loading=\"lazy\" decoding=\"async\" width=\"1024\" height=\"640\" src=\"https:\/\/michiokurata.com\/wp-content\/uploads\/2022\/07\/FOND-BALADE-RUBRIQUE-1024x640.jpg\" alt=\"Balades\" class=\"wp-image-1345 size-full\" srcset=\"https:\/\/michiokurata.com\/wp-content\/uploads\/2022\/07\/FOND-BALADE-RUBRIQUE-1024x640.jpg 1024w, https:\/\/michiokurata.com\/wp-content\/uploads\/2022\/07\/FOND-BALADE-RUBRIQUE-300x188.jpg 300w, https:\/\/michiokurata.com\/wp-content\/uploads\/2022\/07\/FOND-BALADE-RUBRIQUE-768x480.jpg 768w, https:\/\/michiokurata.com\/wp-content\/uploads\/2022\/07\/FOND-BALADE-RUBRIQUE-1536x960.jpg 1536w, https:\/\/michiokurata.com\/wp-content\/uploads\/2022\/07\/FOND-BALADE-RUBRIQUE-2048x1280.jpg 2048w\" sizes=\"auto, (max-width: 706px) 89vw, (max-width: 767px) 82vw, 740px\" \/><\/figure><div class=\"wp-block-media-text__content\">\n<p>Depuis l&rsquo;achat de notre premi\u00e8re Suzuki DL650 Vstrom en 2005, nous avons eu le plaisir de rencontrer plein de gens formidables et d\u00e9couvrir \u00e0 dos de moto plein d&rsquo;endroits remarquables !<br><br><em>Since buying our first Suzuki DL650 VStrom back in 2005, nous had the chance to meet fantastic people et discover great places.<\/em><\/p>\n<\/div><\/div>\n\n\n\n<p><\/p>\n\n\n<ul class=\"wp-block-latest-posts__list has-dates wp-block-latest-posts\"><li><div class=\"wp-block-latest-posts__featured-image alignleft\"><a href=\"https:\/\/michiokurata.com\/?p=2112\" aria-label=\"Picos de Europa 2023, Episode 4\"><img loading=\"lazy\" decoding=\"async\" width=\"150\" height=\"150\" src=\"https:\/\/michiokurata.com\/wp-content\/uploads\/2024\/08\/FOND-MotoTour2023-Ep4-copie-150x150.jpg\" class=\"attachment-thumbnail size-thumbnail wp-post-image\" alt=\"\" style=\"max-width:113px;max-height:113px;\" srcset=\"https:\/\/michiokurata.com\/wp-content\/uploads\/2024\/08\/FOND-MotoTour2023-Ep4-copie-150x150.jpg 150w, https:\/\/michiokurata.com\/wp-content\/uploads\/2024\/08\/FOND-MotoTour2023-Ep4-copie-100x100.jpg 100w, https:\/\/michiokurata.com\/wp-content\/uploads\/2024\/08\/FOND-MotoTour2023-Ep4-copie-45x45.jpg 45w\" sizes=\"auto, 100vw\" \/><\/a><\/div><a class=\"wp-block-latest-posts__post-title\" href=\"https:\/\/michiokurata.com\/?p=2112\">Picos de Europa 2023, Episode 4<\/a><time datetime=\"2024-08-29T17:36:00+02:00\" class=\"wp-block-latest-posts__post-date\">29\/08\/2024<\/time><div class=\"wp-block-latest-posts__post-excerpt\">Santo Toribio, Cain de Valde\u00f3n Le programme pr\u00e9vu \u00e9tait de d\u00e9poser Sophie au Sanctuaire de Santo Toribio, aller chercher les &hellip; <p class=\"link-more\"><a href=\"https:\/\/michiokurata.com\/?p=2112\" class=\"more-link\">Continuer la lecture<span class=\"screen-reader-text\"> de &laquo;&nbsp;Picos de Europa 2023, Episode 4&nbsp;&raquo;<\/span><\/a><\/p><\/div><\/li>\n<li><div class=\"wp-block-latest-posts__featured-image alignleft\"><a href=\"https:\/\/michiokurata.com\/?p=2078\" aria-label=\"Nation&rsquo;Alpes 2024\"><img loading=\"lazy\" decoding=\"async\" width=\"150\" height=\"150\" src=\"https:\/\/michiokurata.com\/wp-content\/uploads\/2024\/07\/FOND-NationAlpes2024-copie-150x150.jpg\" class=\"attachment-thumbnail size-thumbnail wp-post-image\" alt=\"\" style=\"max-width:113px;max-height:113px;\" srcset=\"https:\/\/michiokurata.com\/wp-content\/uploads\/2024\/07\/FOND-NationAlpes2024-copie-150x150.jpg 150w, https:\/\/michiokurata.com\/wp-content\/uploads\/2024\/07\/FOND-NationAlpes2024-copie-100x100.jpg 100w, https:\/\/michiokurata.com\/wp-content\/uploads\/2024\/07\/FOND-NationAlpes2024-copie-45x45.jpg 45w\" sizes=\"auto, 100vw\" \/><\/a><\/div><a class=\"wp-block-latest-posts__post-title\" href=\"https:\/\/michiokurata.com\/?p=2078\">Nation&rsquo;Alpes 2024<\/a><time datetime=\"2024-07-22T20:14:49+02:00\" class=\"wp-block-latest-posts__post-date\">22\/07\/2024<\/time><div class=\"wp-block-latest-posts__post-excerpt\">Rencontre moto avec les Potos \u00e0 St Jean de Sixt, Ascension 2024 Depuis le d\u00e9but de mon burnout, la moto &hellip; <p class=\"link-more\"><a href=\"https:\/\/michiokurata.com\/?p=2078\" class=\"more-link\">Continuer la lecture<span class=\"screen-reader-text\"> de &laquo;&nbsp;Nation&rsquo;Alpes 2024&nbsp;&raquo;<\/span><\/a><\/p><\/div><\/li>\n<li><div class=\"wp-block-latest-posts__featured-image alignleft\"><a href=\"https:\/\/michiokurata.com\/?p=2052\" aria-label=\"Les Picos de Europa 2023, Episode 3\"><img loading=\"lazy\" decoding=\"async\" width=\"150\" height=\"150\" src=\"https:\/\/michiokurata.com\/wp-content\/uploads\/2024\/03\/FOND-MotoTour2023-EP3-v2-150x150.jpg\" class=\"attachment-thumbnail size-thumbnail wp-post-image\" alt=\"\" style=\"max-width:113px;max-height:113px;\" srcset=\"https:\/\/michiokurata.com\/wp-content\/uploads\/2024\/03\/FOND-MotoTour2023-EP3-v2-150x150.jpg 150w, https:\/\/michiokurata.com\/wp-content\/uploads\/2024\/03\/FOND-MotoTour2023-EP3-v2-100x100.jpg 100w, https:\/\/michiokurata.com\/wp-content\/uploads\/2024\/03\/FOND-MotoTour2023-EP3-v2-45x45.jpg 45w\" sizes=\"auto, 100vw\" \/><\/a><\/div><a class=\"wp-block-latest-posts__post-title\" href=\"https:\/\/michiokurata.com\/?p=2052\">Les Picos de Europa 2023, Episode 3<\/a><time datetime=\"2024-03-03T21:00:49+02:00\" class=\"wp-block-latest-posts__post-date\">03\/03\/2024<\/time><div class=\"wp-block-latest-posts__post-excerpt\">\u00ab\u00a0Petite\u00a0\u00bb journ\u00e9e au programme (moins de 200km, et tr\u00e8s \u00ab\u00a0roulant\u00a0\u00bb ^^), avec le tour de grands classiques incontournables des Picos &hellip; <p class=\"link-more\"><a href=\"https:\/\/michiokurata.com\/?p=2052\" class=\"more-link\">Continuer la lecture<span class=\"screen-reader-text\"> de &laquo;&nbsp;Les Picos de Europa 2023, Episode 3&nbsp;&raquo;<\/span><\/a><\/p><\/div><\/li>\n<li><div class=\"wp-block-latest-posts__featured-image alignleft\"><a href=\"https:\/\/michiokurata.com\/?p=1998\" aria-label=\"Les Picos de Europa 2023, \u00e9pisode 2\"><img loading=\"lazy\" decoding=\"async\" width=\"150\" height=\"150\" src=\"https:\/\/michiokurata.com\/wp-content\/uploads\/2024\/02\/MotoTour2023-Ep2-copie-150x150.jpg\" class=\"attachment-thumbnail size-thumbnail wp-post-image\" alt=\"\" style=\"max-width:113px;max-height:113px;\" srcset=\"https:\/\/michiokurata.com\/wp-content\/uploads\/2024\/02\/MotoTour2023-Ep2-copie-150x150.jpg 150w, https:\/\/michiokurata.com\/wp-content\/uploads\/2024\/02\/MotoTour2023-Ep2-copie-100x100.jpg 100w, https:\/\/michiokurata.com\/wp-content\/uploads\/2024\/02\/MotoTour2023-Ep2-copie-45x45.jpg 45w\" sizes=\"auto, 100vw\" \/><\/a><\/div><a class=\"wp-block-latest-posts__post-title\" href=\"https:\/\/michiokurata.com\/?p=1998\">Les Picos de Europa 2023, \u00e9pisode 2<\/a><time datetime=\"2024-01-26T17:27:06+02:00\" class=\"wp-block-latest-posts__post-date\">26\/01\/2024<\/time><div class=\"wp-block-latest-posts__post-excerpt\">Premier jour dans les Picos de Europa, \u00e9t\u00e9 2023\n<\/div><\/li>\n<li><div class=\"wp-block-latest-posts__featured-image alignleft\"><a href=\"https:\/\/michiokurata.com\/?p=1966\" aria-label=\"Les Picos de Europa 2023, \u00e9pisode 1\"><img loading=\"lazy\" decoding=\"async\" width=\"150\" height=\"150\" src=\"https:\/\/michiokurata.com\/wp-content\/uploads\/2023\/12\/FOND-MotoTour2023-Ep1-150x150.jpg\" class=\"attachment-thumbnail size-thumbnail wp-post-image\" alt=\"\" style=\"max-width:113px;max-height:113px;\" srcset=\"https:\/\/michiokurata.com\/wp-content\/uploads\/2023\/12\/FOND-MotoTour2023-Ep1-150x150.jpg 150w, https:\/\/michiokurata.com\/wp-content\/uploads\/2023\/12\/FOND-MotoTour2023-Ep1-100x100.jpg 100w, https:\/\/michiokurata.com\/wp-content\/uploads\/2023\/12\/FOND-MotoTour2023-Ep1-45x45.jpg 45w\" sizes=\"auto, 100vw\" \/><\/a><\/div><a class=\"wp-block-latest-posts__post-title\" href=\"https:\/\/michiokurata.com\/?p=1966\">Les Picos de Europa 2023, \u00e9pisode 1<\/a><time datetime=\"2023-12-08T21:41:56+02:00\" class=\"wp-block-latest-posts__post-date\">08\/12\/2023<\/time><div class=\"wp-block-latest-posts__post-excerpt\">Premi\u00e8re partie : la liaison La Roche-sur-Yon &#8211; Ojedo (Espagne) Histoire de prendre l&rsquo;air et de se d\u00e9payser, nouvelle destination &hellip; <p class=\"link-more\"><a href=\"https:\/\/michiokurata.com\/?p=1966\" class=\"more-link\">Continuer la lecture<span class=\"screen-reader-text\"> de &laquo;&nbsp;Les Picos de Europa 2023, \u00e9pisode 1&nbsp;&raquo;<\/span><\/a><\/p><\/div><\/li>\n<li><div class=\"wp-block-latest-posts__featured-image alignleft\"><a href=\"https:\/\/michiokurata.com\/?p=1959\" aria-label=\"L&rsquo;Heureux Tour 2023\"><img loading=\"lazy\" decoding=\"async\" width=\"150\" height=\"150\" src=\"https:\/\/michiokurata.com\/wp-content\/uploads\/2023\/11\/FOND-Auvergne-copie-150x150.jpg\" class=\"attachment-thumbnail size-thumbnail wp-post-image\" alt=\"\" style=\"max-width:113px;max-height:113px;\" srcset=\"https:\/\/michiokurata.com\/wp-content\/uploads\/2023\/11\/FOND-Auvergne-copie-150x150.jpg 150w, https:\/\/michiokurata.com\/wp-content\/uploads\/2023\/11\/FOND-Auvergne-copie-100x100.jpg 100w, https:\/\/michiokurata.com\/wp-content\/uploads\/2023\/11\/FOND-Auvergne-copie-45x45.jpg 45w\" sizes=\"auto, 100vw\" \/><\/a><\/div><a class=\"wp-block-latest-posts__post-title\" href=\"https:\/\/michiokurata.com\/?p=1959\">L&rsquo;Heureux Tour 2023<\/a><time datetime=\"2023-11-14T17:39:54+02:00\" class=\"wp-block-latest-posts__post-date\">14\/11\/2023<\/time><div class=\"wp-block-latest-posts__post-excerpt\">Nouvelle balade avec les Potos, sous le soleil printanier auvergnat ! Marc organisait une petite balade en Auvergne.Condat n&rsquo;\u00e9tant pas &hellip; <p class=\"link-more\"><a href=\"https:\/\/michiokurata.com\/?p=1959\" class=\"more-link\">Continuer la lecture<span class=\"screen-reader-text\"> de &laquo;&nbsp;L&rsquo;Heureux Tour 2023&nbsp;&raquo;<\/span><\/a><\/p><\/div><\/li>\n<li><div class=\"wp-block-latest-posts__featured-image alignleft\"><a href=\"https:\/\/michiokurata.com\/?p=1929\" aria-label=\"Avesnois 2022 : c&rsquo;est le Nooooord !\"><img loading=\"lazy\" decoding=\"async\" width=\"150\" height=\"150\" src=\"https:\/\/michiokurata.com\/wp-content\/uploads\/2023\/10\/FOND-Avesnois-150x150.jpg\" class=\"attachment-thumbnail size-thumbnail wp-post-image\" alt=\"\" style=\"max-width:113px;max-height:113px;\" srcset=\"https:\/\/michiokurata.com\/wp-content\/uploads\/2023\/10\/FOND-Avesnois-150x150.jpg 150w, https:\/\/michiokurata.com\/wp-content\/uploads\/2023\/10\/FOND-Avesnois-100x100.jpg 100w, https:\/\/michiokurata.com\/wp-content\/uploads\/2023\/10\/FOND-Avesnois-45x45.jpg 45w\" sizes=\"auto, 100vw\" \/><\/a><\/div><a class=\"wp-block-latest-posts__post-title\" href=\"https:\/\/michiokurata.com\/?p=1929\">Avesnois 2022 : c&rsquo;est le Nooooord !<\/a><time datetime=\"2023-10-12T14:52:44+02:00\" class=\"wp-block-latest-posts__post-date\">12\/10\/2023<\/time><div class=\"wp-block-latest-posts__post-excerpt\">Il \u00e9tait temps de changer d&rsquo;air ! Merci \u00e0 ma ch\u00e9rie de m&rsquo;avoir pouss\u00e9 \u00e0 aller retrouver les copains \u00e0 &hellip; <p class=\"link-more\"><a href=\"https:\/\/michiokurata.com\/?p=1929\" class=\"more-link\">Continuer la lecture<span class=\"screen-reader-text\"> de &laquo;&nbsp;Avesnois 2022 : c&rsquo;est le Nooooord !&nbsp;&raquo;<\/span><\/a><\/p><\/div><\/li>\n<li><div class=\"wp-block-latest-posts__featured-image alignleft\"><a href=\"https:\/\/michiokurata.com\/?p=1871\" aria-label=\"MotoTour2022, \u00e9pisode 8 : Les Grands Cols\"><img loading=\"lazy\" decoding=\"async\" width=\"150\" height=\"150\" src=\"https:\/\/michiokurata.com\/wp-content\/uploads\/2023\/02\/FOND-MOTOTOUR-Part8-copie-150x150.jpg\" class=\"attachment-thumbnail size-thumbnail wp-post-image\" alt=\"\" style=\"max-width:113px;max-height:113px;\" srcset=\"https:\/\/michiokurata.com\/wp-content\/uploads\/2023\/02\/FOND-MOTOTOUR-Part8-copie-150x150.jpg 150w, https:\/\/michiokurata.com\/wp-content\/uploads\/2023\/02\/FOND-MOTOTOUR-Part8-copie-100x100.jpg 100w, https:\/\/michiokurata.com\/wp-content\/uploads\/2023\/02\/FOND-MOTOTOUR-Part8-copie-45x45.jpg 45w\" sizes=\"auto, 100vw\" \/><\/a><\/div><a class=\"wp-block-latest-posts__post-title\" href=\"https:\/\/michiokurata.com\/?p=1871\">MotoTour2022, \u00e9pisode 8 : Les Grands Cols<\/a><time datetime=\"2023-02-07T21:30:40+02:00\" class=\"wp-block-latest-posts__post-date\">07\/02\/2023<\/time><div class=\"wp-block-latest-posts__post-excerpt\">Que des \u00ab\u00a0petits\u00a0\u00bb cols au programme&#8230; Vars, Izoard, Lautaret, Galibier, T\u00e9l\u00e9graphe, Iseran, Roselend&#8230; Sans doute trop \u00e0 faire en une &hellip; <p class=\"link-more\"><a href=\"https:\/\/michiokurata.com\/?p=1871\" class=\"more-link\">Continuer la lecture<span class=\"screen-reader-text\"> de &laquo;&nbsp;MotoTour2022, \u00e9pisode 8 : Les Grands Cols&nbsp;&raquo;<\/span><\/a><\/p><\/div><\/li>\n<li><div class=\"wp-block-latest-posts__featured-image alignleft\"><a href=\"https:\/\/michiokurata.com\/?p=1829\" aria-label=\"MotoTour2022, \u00e9pisode 7 : col de la Bonette\"><img loading=\"lazy\" decoding=\"async\" width=\"150\" height=\"150\" src=\"https:\/\/michiokurata.com\/wp-content\/uploads\/2023\/01\/FOND-MOTOTOUR-Part7red-150x150.jpg\" class=\"attachment-thumbnail size-thumbnail wp-post-image\" alt=\"\" style=\"max-width:113px;max-height:113px;\" srcset=\"https:\/\/michiokurata.com\/wp-content\/uploads\/2023\/01\/FOND-MOTOTOUR-Part7red-150x150.jpg 150w, https:\/\/michiokurata.com\/wp-content\/uploads\/2023\/01\/FOND-MOTOTOUR-Part7red-100x100.jpg 100w, https:\/\/michiokurata.com\/wp-content\/uploads\/2023\/01\/FOND-MOTOTOUR-Part7red-45x45.jpg 45w\" sizes=\"auto, 100vw\" \/><\/a><\/div><a class=\"wp-block-latest-posts__post-title\" href=\"https:\/\/michiokurata.com\/?p=1829\">MotoTour2022, \u00e9pisode 7 : col de la Bonette<\/a><time datetime=\"2022-12-16T19:14:15+02:00\" class=\"wp-block-latest-posts__post-date\">16\/12\/2022<\/time><div class=\"wp-block-latest-posts__post-excerpt\">Apr\u00e8s le Sud de la Route des Grandes Alpes, petite liaison \u00ab\u00a0tranquille\u00a0\u00bb vers Jausiers avec le somptueux col de la &hellip; <p class=\"link-more\"><a href=\"https:\/\/michiokurata.com\/?p=1829\" class=\"more-link\">Continuer la lecture<span class=\"screen-reader-text\"> de &laquo;&nbsp;MotoTour2022, \u00e9pisode 7 : col de la Bonette&nbsp;&raquo;<\/span><\/a><\/p><\/div><\/li>\n<li><div class=\"wp-block-latest-posts__featured-image alignleft\"><a href=\"https:\/\/michiokurata.com\/?p=1746\" aria-label=\"MotoTour 2022, \u00e9pisode 6 : la Route des Grandes Alpes.\"><img loading=\"lazy\" decoding=\"async\" width=\"150\" height=\"150\" src=\"https:\/\/michiokurata.com\/wp-content\/uploads\/2022\/11\/FOND-MOTOTOUR-Part6-e1669575848821-150x150.jpg\" class=\"attachment-thumbnail size-thumbnail wp-post-image\" alt=\"Accueil \u00e9pisode 6\" style=\"max-width:113px;max-height:113px;\" srcset=\"https:\/\/michiokurata.com\/wp-content\/uploads\/2022\/11\/FOND-MOTOTOUR-Part6-e1669575848821-150x150.jpg 150w, https:\/\/michiokurata.com\/wp-content\/uploads\/2022\/11\/FOND-MOTOTOUR-Part6-e1669575848821-100x100.jpg 100w, https:\/\/michiokurata.com\/wp-content\/uploads\/2022\/11\/FOND-MOTOTOUR-Part6-e1669575848821-45x45.jpg 45w\" sizes=\"auto, 100vw\" \/><\/a><\/div><a class=\"wp-block-latest-posts__post-title\" href=\"https:\/\/michiokurata.com\/?p=1746\">MotoTour 2022, \u00e9pisode 6 : la Route des Grandes Alpes.<\/a><time datetime=\"2022-11-27T17:21:22+02:00\" class=\"wp-block-latest-posts__post-date\">27\/11\/2022<\/time><div class=\"wp-block-latest-posts__post-excerpt\">Col de Turini, col de Castillon, Authion et Madone d&rsquo;Utelle : on attaque la Route des Grandes Alpes. Apr\u00e8s la &hellip; <p class=\"link-more\"><a href=\"https:\/\/michiokurata.com\/?p=1746\" class=\"more-link\">Continuer la lecture<span class=\"screen-reader-text\"> de &laquo;&nbsp;MotoTour 2022, \u00e9pisode 6 : la Route des Grandes Alpes.&nbsp;&raquo;<\/span><\/a><\/p><\/div><\/li>\n<\/ul>","protected":false},"excerpt":{"rendered":"<p>Jura, Auvergne, Morvan, Route des Grandes Alpes (dans les deux sens), Dolomites (quatre fois), Pyr\u00e9nn\u00e9es, Pays Basque, Bretagne Sud, Normandie, &#8230; Depuis l&rsquo;achat de notre premi\u00e8re Suzuki DL650 Vstrom en 2005, nous avons eu le plaisir de rencontrer plein de gens formidables et d\u00e9couvrir \u00e0 dos de moto plein d&rsquo;endroits remarquables ! Since buying our &hellip; <\/p>\n<p class=\"link-more\"><a href=\"https:\/\/michiokurata.com\/?page_id=1596\" class=\"more-link\">Continuer la lecture<span class=\"screen-reader-text\"> de &laquo;&nbsp;Balades \u00e0 moto &#8211; Motorbike trips&nbsp;&raquo;<\/span><\/a><\/p>\n","protected":false},"author":1,"featured_media":0,"parent":1157,"menu_order":1,"comment_status":"closed","ping_status":"closed","template":"","meta":{"footnotes":""},"class_list":["post-1596","page","type-page","status-publish","hentry"],"aioseo_notices":[],"_links":{"self":[{"href":"https:\/\/michiokurata.com\/index.php?rest_route=\/wp\/v2\/pages\/1596","targetHints":{"allow":["GET"]}}],"collection":[{"href":"https:\/\/michiokurata.com\/index.php?rest_route=\/wp\/v2\/pages"}],"about":[{"href":"https:\/\/michiokurata.com\/index.php?rest_route=\/wp\/v2\/types\/page"}],"author":[{"embeddable":true,"href":"https:\/\/michiokurata.com\/index.php?rest_route=\/wp\/v2\/users\/1"}],"replies":[{"embeddable":true,"href":"https:\/\/michiokurata.com\/index.php?rest_route=%2Fwp%2Fv2%2Fcomments&post=1596"}],"version-history":[{"count":11,"href":"https:\/\/michiokurata.com\/index.php?rest_route=\/wp\/v2\/pages\/1596\/revisions"}],"predecessor-version":[{"id":2228,"href":"https:\/\/michiokurata.com\/index.php?rest_route=\/wp\/v2\/pages\/1596\/revisions\/2228"}],"up":[{"embeddable":true,"href":"https:\/\/michiokurata.com\/index.php?rest_route=\/wp\/v2\/pages\/1157"}],"wp:attachment":[{"href":"https:\/\/michiokurata.com\/index.php?rest_route=%2Fwp%2Fv2%2Fmedia&parent=1596"}],"curies":[{"name":"wp","href":"https:\/\/api.w.org\/{rel}","templated":true}]}}